{"id":217,"date":"2020-05-11T20:57:09","date_gmt":"2020-05-11T20:57:09","guid":{"rendered":"https:\/\/www.iron-curtain-radio.de\/?page_id=217"},"modified":"2020-05-11T21:19:38","modified_gmt":"2020-05-11T21:19:38","slug":"datenschutz","status":"publish","type":"page","link":"https:\/\/www.iron-curtain-radio.de\/?page_id=217","title":{"rendered":"Datenschutz"},"content":{"rendered":"\n<h2 class=\"wp-block-heading\">Wer wir sind<\/h2>\n\n\n\n<p>Wir freuen uns \u00fcber Dein Interesse an unserer Website von EDITION IRON CURTAIN RADIO. Die Adresse unserer Webseite ist: https:\/\/www.iron-curtain-radio.de. Der Schutz Deiner Privatsph\u00e4re ist f\u00fcr uns sehr wichtig. Nachstehend informieren wir Dich ausf\u00fchrlich \u00fcber den Umgang mit Deinen Daten.<\/p>\n\n\n\n<h2 class=\"wp-block-heading\">Speicherung von Zugriffsdaten in Server-Logfiles<\/h2>\n\n\n\n<p>Du kannst unsere Internetseiten besuchen, ohne Angaben zu Deiner Person zu machen. Wir speichern lediglich Zugriffsdaten in sogenannten Server-Logfiles, wie z.B. den Namen der angeforderten Datei, Datum und Uhrzeit des Abrufs, \u00fcbertragene Datenmenge und den anfragenden Provider. Diese Daten werden ausschlie\u00dflich zur Sicherstellung eines st\u00f6rungsfreien Betriebs der Seite und zur Verbesserung unseres Angebots ausgewertet und erlauben uns keinen R\u00fcckschluss auf Deine Person.<\/p>\n\n\n\n<h2 class=\"wp-block-heading\">Kommentare<\/h2>\n\n\n\n<p>Wenn Besucher Kommentare auf der Website schreiben, sammeln wir die Daten, die im Kommentar-Formular angezeigt werden, au\u00dferdem die IP-Adresse des Besuchers und den User-Agent-String (damit wird der Browser identifiziert), um die Erkennung von Spam zu unterst\u00fctzen. Aus deiner E-Mail-Adresse kann eine anonymisierte Zeichenfolge erstellt (auch Hash genannt) und dem Gravatar-Dienst \u00fcbergeben werden, um zu pr\u00fcfen, ob du diesen benutzt. Die Datenschutzerkl\u00e4rung des Gravatar-Dienstes findest du hier: https:\/\/automattic.com\/privacy\/. Nachdem dein Kommentar freigegeben wurde, ist dein Profilbild \u00f6ffentlich im Kontext deines Kommentars sichtbar.<\/p>\n\n\n\n<h2 class=\"wp-block-heading\">Verwendung von Cookies<\/h2>\n\n\n\n<p>Um den Besuch unserer Website attraktiv zu gestalten und die Nutzung bestimmter Funktionen zu erm\u00f6glichen, verwenden wir auf verschiedenen Seiten sogenannte Cookies. Hierbei handelt es sich um kleine Textdateien, die auf Ihrem Endger\u00e4t gespeichert werden. Einige der von uns verwendeten Cookies werden nach Ende der Browser-Sitzung, also nach Schlie\u00dfen Ihres Browsers, wieder gel\u00f6scht (sog. Sitzungs-Cookies). Andere Cookies verbleiben auf Ihrem Endger\u00e4t und erm\u00f6glichen uns, Ihren Browser beim n\u00e4chsten Besuch wiederzuerkennen (persistente Cookies). Sie k\u00f6nnen Ihren Browser so einstellen, dass Sie \u00fcber das Setzen von Cookies informiert werden und einzeln \u00fcber deren Annahme entscheiden oder die Annahme von Cookies f\u00fcr bestimmte F\u00e4lle oder generell ausschlie\u00dfen. Bei der Nichtannahme von Cookies kann die Funktionalit\u00e4t unserer Website eingeschr\u00e4nkt sein.<\/p>\n","protected":false},"excerpt":{"rendered":"<p>Wer wir sind Wir freuen uns \u00fcber Dein Interesse an unserer Website von EDITION IRON CURTAIN RADIO. Die Adresse unserer Webseite ist: https:\/\/www.iron-curtain-radio.de. Der Schutz Deiner Privatsph\u00e4re ist f\u00fcr uns sehr wichtig. Nachstehend informieren wir Dich ausf\u00fchrlich \u00fcber den Umgang mit Deinen Daten. Speicherung von Zugriffsdaten in Server-Logfiles Du kannst unsere Internetseiten besuchen, ohne Angaben &hellip; <\/p>\n<p class=\"link-more\"><a href=\"https:\/\/www.iron-curtain-radio.de\/?page_id=217\" class=\"more-link\"><span class=\"screen-reader-text\">\u201eDatenschutz\u201c <\/span>weiterlesen<\/a><\/p>\n","protected":false},"author":1,"featured_media":0,"parent":0,"menu_order":0,"comment_status":"closed","ping_status":"closed","template":"","meta":{"footnotes":""},"class_list":["post-217","page","type-page","status-publish","hentry"],"_links":{"self":[{"href":"https:\/\/www.iron-curtain-radio.de\/index.php?rest_route=\/wp\/v2\/pages\/217","targetHints":{"allow":["GET"]}}],"collection":[{"href":"https:\/\/www.iron-curtain-radio.de\/index.php?rest_route=\/wp\/v2\/pages"}],"about":[{"href":"https:\/\/www.iron-curtain-radio.de\/index.php?rest_route=\/wp\/v2\/types\/page"}],"author":[{"embeddable":true,"href":"https:\/\/www.iron-curtain-radio.de\/index.php?rest_route=\/wp\/v2\/users\/1"}],"replies":[{"embeddable":true,"href":"https:\/\/www.iron-curtain-radio.de\/index.php?rest_route=%2Fwp%2Fv2%2Fcomments&post=217"}],"version-history":[{"count":4,"href":"https:\/\/www.iron-curtain-radio.de\/index.php?rest_route=\/wp\/v2\/pages\/217\/revisions"}],"predecessor-version":[{"id":223,"href":"https:\/\/www.iron-curtain-radio.de\/index.php?rest_route=\/wp\/v2\/pages\/217\/revisions\/223"}],"wp:attachment":[{"href":"https:\/\/www.iron-curtain-radio.de\/index.php?rest_route=%2Fwp%2Fv2%2Fmedia&parent=217"}],"curies":[{"name":"wp","href":"https:\/\/api.w.org\/{rel}","templated":true}]}}